{"id":1299,"date":"2023-01-16T06:15:39","date_gmt":"2023-01-16T06:15:39","guid":{"rendered":"https:\/\/redpaint.com.tr\/?post_type=product&#038;p=1299"},"modified":"2025-03-20T12:18:04","modified_gmt":"2025-03-20T12:18:04","slug":"rp-thermal-coating-heat-insulation-paint","status":"publish","type":"product","link":"https:\/\/redpaint.com.tr\/en\/product-2\/rp-thermal-coating-heat-insulation-paint\/","title":{"rendered":"RP-Thermal Coating | Interior, Exterior Facade and Roof Thermal Insulation Paint"},"content":{"rendered":"<p>RP-Thermal Coating Su bazl\u0131 yu\u0308ksek performansl\u0131 du\u0308s\u0327u\u0308k \u0131s\u0131 gec\u0327irgenlig\u0306ine sahip mikro o\u0308lc\u0327ekte o\u0308zel is\u0327lemlerden gec\u0327mis\u0327, seramikcam teknolojisi ile modifiyeli akrilik dispersiyon esasl\u0131 d\u0131s\u0327 cephe son kat olarak kullan\u0131lan esnek, elastik, %50\u2019 ye varan <strong>heat insulation<\/strong> and <strong>energy savings<\/strong> is the coating that provides.<\/p>\n<div class=\"col-md-6 col-sm-6\">\n<div class=\"page\" title=\"Page 4\">\n<div class=\"layoutArea\">\n<div class=\"column\">\n<hr \/>\n<p style=\"margin: 0in; font-size: 12pt;\"><b>PRODUCT FEATURES &amp; ADVANTAGES<\/b><\/p>\n<p style=\"margin: 0in; font-size: 12pt;\">- It has a low thermal conductivity value.<br \/>\n\u2022 %50\u2019ye varan \u0131s\u0131 ve enerji tasarrufu sag\u0306lar.<br \/>\n- Protects the heat balance of the structure.<\/p>\n<p style=\"margin: 0in; font-size: 12pt;\">- It has fire retardant properties.<br \/>\n\u2022 %100 su yal\u0131t\u0131m\u0131 sag\u0306lar.<br \/>\n- Elastic. Does not crack or break.<br \/>\n- Prevents the formation of moisture, dampness and mold.<\/p>\n<p style=\"margin: 0in; font-size: 12pt;\">- Easy to apply.<\/p>\n<p style=\"margin: 0in; font-size: 12pt;\">- Water based.<br \/>\n- He breathes.<br \/>\n- No condensation on the surface.<\/p>\n<p style=\"margin: 0in; font-size: 12pt;\">- Produced in desired color.<\/p>\n<hr \/>\n<p style=\"margin: 0in; font-size: 12pt;\">\u00a0<b>APPLICATION<\/b><\/p>\n<p style=\"margin: 0in; font-size: 12pt;\">- Always read the instructions before using the product.<br \/>\n- Open packages should not be used and the supplier should be contacted.<\/p>\n<p style=\"margin: 0in; font-size: 12pt;\">- The area to be treated must be free of oil, dirt, lifted or shedding parts.<br \/>\n- Application temperature is +5 \u00b0C +40 \u00b0C.<br \/>\n- As a lining <a href=\"https:\/\/redpaint.com.tr\/en\/product-2\/rp-primer-transparent-primer\/\"><strong>RP-Primer<\/strong><\/a> should be applied and left to dry for 12 hours.<br \/>\n- Opened package should be mixed with a low speed mixer.<br \/>\n- The product should be applied in two coats without adding water or solvent.<\/p>\n<p style=\"margin: 0in; font-size: 12pt;\">- Wait approximately 6 hours between coats.<br \/>\n- When painting is interrupted for a long time, it should be mixed again before starting the painting process again. It is an extremely sensitive and important issue for the efficiency of the product.<br \/>\n- Avoid contact with skin and eyes.<br \/>\n- Hands and tools can be cleaned with water when wet.<br \/>\n- Dried materials cannot be used.<\/p>\n<hr \/>\n<p style=\"margin: 0in; font-size: 12pt;\">\u00a0<b>AREAS OF USE<\/b><\/p>\n<p style=\"margin: 0in; font-size: 12pt;\">It is suitable for use in residential buildings, living spaces, public buildings, production facilities, warehouses, warehouses, hangars, cold storage, rail systems, tunnels, geothermal facilities and fields, energy transmission lines, transformers, silos and many other domestic and industrial interior areas.<\/p>\n<hr \/>\n<p style=\"margin: 0in; font-size: 12pt;\">\u00a0<b>CONSUMPTION<\/b><\/p>\n<p style=\"margin: 0in; font-size: 12pt;\">0.75 - 1.25 Kg \/ m\u00b2 depending on the application surface.<\/p>\n<hr \/>\n<p style=\"margin: 0in; font-size: 12pt;\">\u00a0<b>PACKAGING<\/b><\/p>\n<p style=\"margin: 0in; font-size: 12pt;\">18 kg (Tin Bucket) \/ 2.5 kg (Plastic Bucket)<\/p>\n<hr \/>\n<p style=\"margin: 0in; font-size: 12pt;\">\u00a0<b>STORAGE &amp; SHELF LIFE<\/b><\/p>\n<p style=\"margin: 0in; font-size: 12pt;\">1 year in unopened original packaging at room temperature.<\/p>\n<hr \/>\n<p style=\"margin: 0in; font-size: 12pt;\"><span style=\"color: #bd1622;\">*These data are general information. It varies according to the ground to be applied.<\/span><\/p>\n<\/div>\n<\/div>\n<\/div>\n<\/div>","protected":false},"excerpt":{"rendered":"<p><iframe title=\"YouTube video player\" data-src=\"https:\/\/www.youtube.com\/embed\/UH3EsKB0X6E\" width=\"100%\" height=\"315\" frameborder=\"0\" allowfullscreen=\"allowfullscreen\" src=\"data:image\/svg+xml;base64,PHN2ZyB3aWR0aD0iMSIgaGVpZ2h0PSIxIiB4bWxucz0iaHR0cDovL3d3dy53My5vcmcvMjAwMC9zdmciPjwvc3ZnPg==\" class=\"lazyload\" data-load-mode=\"1\"><\/iframe><\/p>\n<p>Water-based, high performance, low heat permeability, flexible, elastic, modified acrylic dispersion based exterior topcoat with ceramic glass technology, which has undergone special processes at micro scale, <strong>%50<\/strong>up to <strong>heat insulation<\/strong> and <strong>energy savings<\/strong> is the coating that provides.<\/p>","protected":false},"featured_media":2720,"comment_status":"open","ping_status":"closed","template":"","meta":[],"product_brand":[],"product_cat":[39],"product_tag":[],"class_list":{"0":"post-1299","1":"product","2":"type-product","3":"status-publish","4":"has-post-thumbnail","6":"product_cat-isi-yalitim","8":"first","9":"instock","10":"featured","11":"shipping-taxable","12":"product-type-external"},"_links":{"self":[{"href":"https:\/\/redpaint.com.tr\/en\/wp-json\/wp\/v2\/product\/1299","targetHints":{"allow":["GET"]}}],"collection":[{"href":"https:\/\/redpaint.com.tr\/en\/wp-json\/wp\/v2\/product"}],"about":[{"href":"https:\/\/redpaint.com.tr\/en\/wp-json\/wp\/v2\/types\/product"}],"replies":[{"embeddable":true,"href":"https:\/\/redpaint.com.tr\/en\/wp-json\/wp\/v2\/comments?post=1299"}],"wp:featuredmedia":[{"embeddable":true,"href":"https:\/\/redpaint.com.tr\/en\/wp-json\/wp\/v2\/media\/2720"}],"wp:attachment":[{"href":"https:\/\/redpaint.com.tr\/en\/wp-json\/wp\/v2\/media?parent=1299"}],"wp:term":[{"taxonomy":"product_brand","embeddable":true,"href":"https:\/\/redpaint.com.tr\/en\/wp-json\/wp\/v2\/product_brand?post=1299"},{"taxonomy":"product_cat","embeddable":true,"href":"https:\/\/redpaint.com.tr\/en\/wp-json\/wp\/v2\/product_cat?post=1299"},{"taxonomy":"product_tag","embeddable":true,"href":"https:\/\/redpaint.com.tr\/en\/wp-json\/wp\/v2\/product_tag?post=1299"}],"curies":[{"name":"wp","href":"https:\/\/api.w.org\/{rel}","templated":true}]}}